{"id":17962,"date":"2025-10-23T14:26:28","date_gmt":"2025-10-23T13:26:28","guid":{"rendered":"https:\/\/www.queensvintage.nl\/?post_type=product&#038;p=17962"},"modified":"2026-03-28T12:40:28","modified_gmt":"2026-03-28T11:40:28","slug":"vintage-tv-albums-alleen-op-de-wereld-1979-remi","status":"publish","type":"product","link":"https:\/\/www.queensvintage.nl\/en\/product\/vintage-tv-albums-alleen-op-de-wereld-1979-remi\/","title":{"rendered":"Vintage TV-Albums Alleen op de Wereld 1979"},"content":{"rendered":"<p>Vintage TV-albums Alleen op de Wereld uit 1979, deel 1 t\/m deel 6.<br \/>\nNaar het verhaal van Hector Malot.<br \/>\nHet verhaal van de Franse schrijver Hector Malot gaat over de vondeling R\u00e9mi en heet &#8220;Alleen op de wereld&#8221; (oorspronkelijke titel: Sans famille). Het beschrijft R\u00e9mi&#8217;s zwerftocht door Frankrijk met de straatmuzikant Vitalis, zijn avonturen met diergezelschap zoals de honden Capi en Joli-Coeur, en zijn zoektocht naar zijn ware identiteit en familie. <\/p>\n<p>Oorsprong: R\u00e9mi wordt als baby gevonden door J\u00e9r\u00f4me Barberin, die hem aflevert bij zijn vrouw en hem aanvankelijk in de steek laat in een dorp, nadat zijn pleegouders in financi\u00eble problemen komen.<br \/>\nZwerftocht: Op achtjarige leeftijd wordt R\u00e9mi verkocht aan de straatmuzikant Vitalis, een voormalige beroemde zanger. Vitalis, zijn hond Capi en aap Joli-Coeur vormen samen met R\u00e9mi een gezin, totdat Vitalis in de gevangenis belandt.<br \/>\nFamilie en vriendschap: Na Vitalis&#8217; dood staat R\u00e9mi er alleen voor en vindt hij steun bij verschillende mensen, waaronder de rijke Madame Milligan en haar zieke zoon Arthur, die hij later ontmoet op de boot &#8220;De Zwaan&#8221;. Hij raakt ook bevriend met Mattia, een muzikaal jongetje die na jaren later weer met hem op reis gaat.<br \/>\nOntdekkingen en einde: Tijdens zijn reis ontdekt R\u00e9mi dat hij eigenlijk de verloren zoon van Madame Milligan is. Uiteindelijk trouwt hij met Lise, een meisje dat hij eerder ontmoette.<\/p>\n<p>Uitgegeven door Mulder Holland B.V.-Amsterdam.<br \/>\nIn goede vintage staat, heeft gebruikssporen!<\/p>","protected":false},"excerpt":{"rendered":"<p>Vintage TV-albums Alleen op de Wereld uit 1979, deel 1 t\/m deel 6<\/p>","protected":false},"featured_media":19022,"template":"","meta":[],"product_brand":[],"product_cat":[208,520],"product_tag":[3729,3732,3730,3731],"class_list":{"0":"post-17962","1":"product","2":"type-product","3":"status-publish","4":"has-post-thumbnail","6":"product_cat-boeken-vintage-kinderboeken-lezen-is-leuk-nostalgie-decoratief","7":"product_cat-vintage-kinderboeken","8":"product_tag-alleen-op-de-wereld","9":"product_tag-hector-malot","10":"product_tag-remi","11":"product_tag-tv-albums","13":"first","14":"instock","15":"shipping-taxable","16":"purchasable","17":"product-type-simple"},"yoast_head":"<!-- This site is optimized with the Yoast SEO plugin v27.4 - https:\/\/yoast.com\/product\/yoast-seo-wordpress\/ -->\n<title>Vintage TV-Albums Alleen op de Wereld 1979 - Queens Vintage<\/title>\n<meta name=\"robots\" content=\"index, follow, max-snippet:-1, max-image-preview:large, max-video-preview:-1\" \/>\n<link rel=\"canonical\" href=\"https:\/\/www.queensvintage.nl\/en\/product\/vintage-tv-albums-alleen-op-de-wereld-1979-remi\/\" \/>\n<meta property=\"og:locale\" content=\"en_US\" \/>\n<meta property=\"og:type\" content=\"article\" \/>\n<meta property=\"og:title\" content=\"Vintage TV-Albums Alleen op de Wereld 1979 - Queens Vintage\" \/>\n<meta property=\"og:description\" content=\"Vintage TV-albums Alleen op de Wereld uit 1979, deel 1 t\/m deel 6\" \/>\n<meta property=\"og:url\" content=\"https:\/\/www.queensvintage.nl\/en\/product\/vintage-tv-albums-alleen-op-de-wereld-1979-remi\/\" \/>\n<meta property=\"og:site_name\" content=\"Queens Vintage\" \/>\n<meta property=\"article:modified_time\" content=\"2026-03-28T11:40:28+00:00\" \/>\n<meta property=\"og:image\" content=\"https:\/\/www.queensvintage.nl\/wp-content\/uploads\/2025\/10\/TV-album-Alleen-op-de-Wereld-deel-1-tot-en-met-deel-6-1-scaled.jpg\" \/>\n\t<meta property=\"og:image:width\" content=\"2560\" \/>\n\t<meta property=\"og:image:height\" content=\"2560\" \/>\n\t<meta property=\"og:image:type\" content=\"image\/jpeg\" \/>\n<meta name=\"twitter:card\" content=\"summary_large_image\" \/>\n<meta name=\"twitter:label1\" content=\"Est. reading time\" \/>\n\t<meta name=\"twitter:data1\" content=\"2 minutes\" \/>\n<script type=\"application\/ld+json\" class=\"yoast-schema-graph\">{\"@context\":\"https:\\\/\\\/schema.org\",\"@graph\":[{\"@type\":\"WebPage\",\"@id\":\"https:\\\/\\\/www.queensvintage.nl\\\/product\\\/vintage-tv-albums-alleen-op-de-wereld-1979-remi\\\/\",\"url\":\"https:\\\/\\\/www.queensvintage.nl\\\/product\\\/vintage-tv-albums-alleen-op-de-wereld-1979-remi\\\/\",\"name\":\"Vintage TV-Albums Alleen op de Wereld 1979 - Queens Vintage\",\"isPartOf\":{\"@id\":\"https:\\\/\\\/www.queensvintage.nl\\\/#website\"},\"primaryImageOfPage\":{\"@id\":\"https:\\\/\\\/www.queensvintage.nl\\\/product\\\/vintage-tv-albums-alleen-op-de-wereld-1979-remi\\\/#primaryimage\"},\"image\":{\"@id\":\"https:\\\/\\\/www.queensvintage.nl\\\/product\\\/vintage-tv-albums-alleen-op-de-wereld-1979-remi\\\/#primaryimage\"},\"thumbnailUrl\":\"https:\\\/\\\/www.queensvintage.nl\\\/wp-content\\\/uploads\\\/2025\\\/10\\\/TV-album-Alleen-op-de-Wereld-deel-1-tot-en-met-deel-6-1-scaled.jpg\",\"datePublished\":\"2025-10-23T13:26:28+00:00\",\"dateModified\":\"2026-03-28T11:40:28+00:00\",\"breadcrumb\":{\"@id\":\"https:\\\/\\\/www.queensvintage.nl\\\/product\\\/vintage-tv-albums-alleen-op-de-wereld-1979-remi\\\/#breadcrumb\"},\"inLanguage\":\"en-US\",\"potentialAction\":[{\"@type\":\"ReadAction\",\"target\":[\"https:\\\/\\\/www.queensvintage.nl\\\/product\\\/vintage-tv-albums-alleen-op-de-wereld-1979-remi\\\/\"]}]},{\"@type\":\"ImageObject\",\"inLanguage\":\"en-US\",\"@id\":\"https:\\\/\\\/www.queensvintage.nl\\\/product\\\/vintage-tv-albums-alleen-op-de-wereld-1979-remi\\\/#primaryimage\",\"url\":\"https:\\\/\\\/www.queensvintage.nl\\\/wp-content\\\/uploads\\\/2025\\\/10\\\/TV-album-Alleen-op-de-Wereld-deel-1-tot-en-met-deel-6-1-scaled.jpg\",\"contentUrl\":\"https:\\\/\\\/www.queensvintage.nl\\\/wp-content\\\/uploads\\\/2025\\\/10\\\/TV-album-Alleen-op-de-Wereld-deel-1-tot-en-met-deel-6-1-scaled.jpg\",\"width\":2560,\"height\":2560,\"caption\":\"Boek De Wilde voetbal bende, Goal! Deze dikke omnibus bevat de eerste drie boeken uit de serie De Wilde Voetbalbende\"},{\"@type\":\"BreadcrumbList\",\"@id\":\"https:\\\/\\\/www.queensvintage.nl\\\/product\\\/vintage-tv-albums-alleen-op-de-wereld-1979-remi\\\/#breadcrumb\",\"itemListElement\":[{\"@type\":\"ListItem\",\"position\":1,\"name\":\"Home\",\"item\":\"https:\\\/\\\/www.queensvintage.nl\\\/\"},{\"@type\":\"ListItem\",\"position\":2,\"name\":\"Winkel\",\"item\":\"https:\\\/\\\/www.queensvintage.nl\\\/winkel\\\/\"},{\"@type\":\"ListItem\",\"position\":3,\"name\":\"Vintage TV-Albums Alleen op de Wereld 1979\"}]},{\"@type\":\"WebSite\",\"@id\":\"https:\\\/\\\/www.queensvintage.nl\\\/#website\",\"url\":\"https:\\\/\\\/www.queensvintage.nl\\\/\",\"name\":\"Queens Vintage\",\"description\":\"\",\"publisher\":{\"@id\":\"https:\\\/\\\/www.queensvintage.nl\\\/#organization\"},\"potentialAction\":[{\"@type\":\"SearchAction\",\"target\":{\"@type\":\"EntryPoint\",\"urlTemplate\":\"https:\\\/\\\/www.queensvintage.nl\\\/?s={search_term_string}\"},\"query-input\":{\"@type\":\"PropertyValueSpecification\",\"valueRequired\":true,\"valueName\":\"search_term_string\"}}],\"inLanguage\":\"en-US\"},{\"@type\":\"Organization\",\"@id\":\"https:\\\/\\\/www.queensvintage.nl\\\/#organization\",\"name\":\"Queens Vintage\",\"url\":\"https:\\\/\\\/www.queensvintage.nl\\\/\",\"logo\":{\"@type\":\"ImageObject\",\"inLanguage\":\"en-US\",\"@id\":\"https:\\\/\\\/www.queensvintage.nl\\\/#\\\/schema\\\/logo\\\/image\\\/\",\"url\":\"https:\\\/\\\/www.queensvintage.nl\\\/wp-content\\\/uploads\\\/2020\\\/01\\\/cropped-queens_vintage_logo_website_final-1.png\",\"contentUrl\":\"https:\\\/\\\/www.queensvintage.nl\\\/wp-content\\\/uploads\\\/2020\\\/01\\\/cropped-queens_vintage_logo_website_final-1.png\",\"width\":373,\"height\":110,\"caption\":\"Queens Vintage\"},\"image\":{\"@id\":\"https:\\\/\\\/www.queensvintage.nl\\\/#\\\/schema\\\/logo\\\/image\\\/\"}}]}<\/script>\n<!-- \/ Yoast SEO plugin. -->","yoast_head_json":{"title":"Vintage TV-Albums Alleen op de Wereld 1979 - Queens Vintage","robots":{"index":"index","follow":"follow","max-snippet":"max-snippet:-1","max-image-preview":"max-image-preview:large","max-video-preview":"max-video-preview:-1"},"canonical":"https:\/\/www.queensvintage.nl\/en\/product\/vintage-tv-albums-alleen-op-de-wereld-1979-remi\/","og_locale":"en_US","og_type":"article","og_title":"Vintage TV-Albums Alleen op de Wereld 1979 - Queens Vintage","og_description":"Vintage TV-albums Alleen op de Wereld uit 1979, deel 1 t\/m deel 6","og_url":"https:\/\/www.queensvintage.nl\/en\/product\/vintage-tv-albums-alleen-op-de-wereld-1979-remi\/","og_site_name":"Queens Vintage","article_modified_time":"2026-03-28T11:40:28+00:00","og_image":[{"width":2560,"height":2560,"url":"https:\/\/www.queensvintage.nl\/wp-content\/uploads\/2025\/10\/TV-album-Alleen-op-de-Wereld-deel-1-tot-en-met-deel-6-1-scaled.jpg","type":"image\/jpeg"}],"twitter_card":"summary_large_image","twitter_misc":{"Est. reading time":"2 minutes"},"schema":{"@context":"https:\/\/schema.org","@graph":[{"@type":"WebPage","@id":"https:\/\/www.queensvintage.nl\/product\/vintage-tv-albums-alleen-op-de-wereld-1979-remi\/","url":"https:\/\/www.queensvintage.nl\/product\/vintage-tv-albums-alleen-op-de-wereld-1979-remi\/","name":"Vintage TV-Albums Alleen op de Wereld 1979 - Queens Vintage","isPartOf":{"@id":"https:\/\/www.queensvintage.nl\/#website"},"primaryImageOfPage":{"@id":"https:\/\/www.queensvintage.nl\/product\/vintage-tv-albums-alleen-op-de-wereld-1979-remi\/#primaryimage"},"image":{"@id":"https:\/\/www.queensvintage.nl\/product\/vintage-tv-albums-alleen-op-de-wereld-1979-remi\/#primaryimage"},"thumbnailUrl":"https:\/\/www.queensvintage.nl\/wp-content\/uploads\/2025\/10\/TV-album-Alleen-op-de-Wereld-deel-1-tot-en-met-deel-6-1-scaled.jpg","datePublished":"2025-10-23T13:26:28+00:00","dateModified":"2026-03-28T11:40:28+00:00","breadcrumb":{"@id":"https:\/\/www.queensvintage.nl\/product\/vintage-tv-albums-alleen-op-de-wereld-1979-remi\/#breadcrumb"},"inLanguage":"en-US","potentialAction":[{"@type":"ReadAction","target":["https:\/\/www.queensvintage.nl\/product\/vintage-tv-albums-alleen-op-de-wereld-1979-remi\/"]}]},{"@type":"ImageObject","inLanguage":"en-US","@id":"https:\/\/www.queensvintage.nl\/product\/vintage-tv-albums-alleen-op-de-wereld-1979-remi\/#primaryimage","url":"https:\/\/www.queensvintage.nl\/wp-content\/uploads\/2025\/10\/TV-album-Alleen-op-de-Wereld-deel-1-tot-en-met-deel-6-1-scaled.jpg","contentUrl":"https:\/\/www.queensvintage.nl\/wp-content\/uploads\/2025\/10\/TV-album-Alleen-op-de-Wereld-deel-1-tot-en-met-deel-6-1-scaled.jpg","width":2560,"height":2560,"caption":"Boek De Wilde voetbal bende, Goal! Deze dikke omnibus bevat de eerste drie boeken uit de serie De Wilde Voetbalbende"},{"@type":"BreadcrumbList","@id":"https:\/\/www.queensvintage.nl\/product\/vintage-tv-albums-alleen-op-de-wereld-1979-remi\/#breadcrumb","itemListElement":[{"@type":"ListItem","position":1,"name":"Home","item":"https:\/\/www.queensvintage.nl\/"},{"@type":"ListItem","position":2,"name":"Winkel","item":"https:\/\/www.queensvintage.nl\/winkel\/"},{"@type":"ListItem","position":3,"name":"Vintage TV-Albums Alleen op de Wereld 1979"}]},{"@type":"WebSite","@id":"https:\/\/www.queensvintage.nl\/#website","url":"https:\/\/www.queensvintage.nl\/","name":"Queens Vintage","description":"","publisher":{"@id":"https:\/\/www.queensvintage.nl\/#organization"},"potentialAction":[{"@type":"SearchAction","target":{"@type":"EntryPoint","urlTemplate":"https:\/\/www.queensvintage.nl\/?s={search_term_string}"},"query-input":{"@type":"PropertyValueSpecification","valueRequired":true,"valueName":"search_term_string"}}],"inLanguage":"en-US"},{"@type":"Organization","@id":"https:\/\/www.queensvintage.nl\/#organization","name":"Queens Vintage","url":"https:\/\/www.queensvintage.nl\/","logo":{"@type":"ImageObject","inLanguage":"en-US","@id":"https:\/\/www.queensvintage.nl\/#\/schema\/logo\/image\/","url":"https:\/\/www.queensvintage.nl\/wp-content\/uploads\/2020\/01\/cropped-queens_vintage_logo_website_final-1.png","contentUrl":"https:\/\/www.queensvintage.nl\/wp-content\/uploads\/2020\/01\/cropped-queens_vintage_logo_website_final-1.png","width":373,"height":110,"caption":"Queens Vintage"},"image":{"@id":"https:\/\/www.queensvintage.nl\/#\/schema\/logo\/image\/"}}]}},"_links":{"self":[{"href":"https:\/\/www.queensvintage.nl\/en\/wp-json\/wp\/v2\/product\/17962","targetHints":{"allow":["GET"]}}],"collection":[{"href":"https:\/\/www.queensvintage.nl\/en\/wp-json\/wp\/v2\/product"}],"about":[{"href":"https:\/\/www.queensvintage.nl\/en\/wp-json\/wp\/v2\/types\/product"}],"wp:featuredmedia":[{"embeddable":true,"href":"https:\/\/www.queensvintage.nl\/en\/wp-json\/wp\/v2\/media\/19022"}],"wp:attachment":[{"href":"https:\/\/www.queensvintage.nl\/en\/wp-json\/wp\/v2\/media?parent=17962"}],"wp:term":[{"taxonomy":"product_brand","embeddable":true,"href":"https:\/\/www.queensvintage.nl\/en\/wp-json\/wp\/v2\/product_brand?post=17962"},{"taxonomy":"product_cat","embeddable":true,"href":"https:\/\/www.queensvintage.nl\/en\/wp-json\/wp\/v2\/product_cat?post=17962"},{"taxonomy":"product_tag","embeddable":true,"href":"https:\/\/www.queensvintage.nl\/en\/wp-json\/wp\/v2\/product_tag?post=17962"}],"curies":[{"name":"wp","href":"https:\/\/api.w.org\/{rel}","templated":true}]}}