{"id":17663,"date":"2025-09-12T14:05:34","date_gmt":"2025-09-12T13:05:34","guid":{"rendered":"https:\/\/www.queensvintage.nl\/?post_type=product&#038;p=17663"},"modified":"2026-03-30T09:28:11","modified_gmt":"2026-03-30T08:28:11","slug":"boek-lisa-ree-en-haar-moeder","status":"publish","type":"product","link":"https:\/\/www.queensvintage.nl\/en\/product\/boek-lisa-ree-en-haar-moeder\/","title":{"rendered":"Boek Lisa"},"content":{"rendered":"<p>Vintage boek Lisa, het verhaal van een ree en haar moeder uit 2010.<br \/>\nLisa gaat over een ree dat nog maar net is geboren. Aanvankelijk gaat alles rustig en veilig ,maar samen met haar moeder maakt ze spannende en gevaarlijke dingen mee. Het is een boek dat vanaf 6 \u00e1 7 jaar z\u00e9lf kan worden gelezen maar het is natuurlijk ook leuk om bij veel jongere kinderen v\u00f3\u00f3r te lezen.<br \/>\nLisa is niet alleen waardevol vanwege de 27 verhalen die er in staan, maar ook door het grote aantal fijne pentekeningen.<\/p>\n<p>Auteur: John Waanders<br \/>\nHardcover, &#8211; 83 pagina&#8217;s.<br \/>\nAfmeting: 30,5 x 21,5 cm.<br \/>\nIn goede vintage staat, als nieuw, alleen voorin staat een naam.<\/p>","protected":false},"excerpt":{"rendered":"<p>Vintage boek Lisa, het verhaal van een ree en haar moeder uit 2010<\/p>","protected":false},"featured_media":19059,"template":"","meta":[],"product_brand":[],"product_cat":[208,520],"product_tag":[3634,2827,1252,699,1396],"class_list":{"0":"post-17663","1":"product","2":"type-product","3":"status-publish","4":"has-post-thumbnail","6":"product_cat-boeken-vintage-kinderboeken-lezen-is-leuk-nostalgie-decoratief","7":"product_cat-vintage-kinderboeken","8":"product_tag-boek-lisa","9":"product_tag-dierenboek","10":"product_tag-leesboek","11":"product_tag-vintage-boek","12":"product_tag-voorleesboek","14":"first","15":"instock","16":"shipping-taxable","17":"purchasable","18":"product-type-simple"},"yoast_head":"<!-- This site is optimized with the Yoast SEO plugin v27.4 - https:\/\/yoast.com\/product\/yoast-seo-wordpress\/ -->\n<title>Boek Lisa - Queens Vintage<\/title>\n<meta name=\"robots\" content=\"index, follow, max-snippet:-1, max-image-preview:large, max-video-preview:-1\" \/>\n<link rel=\"canonical\" href=\"https:\/\/www.queensvintage.nl\/en\/product\/boek-lisa-ree-en-haar-moeder\/\" \/>\n<meta property=\"og:locale\" content=\"en_US\" \/>\n<meta property=\"og:type\" content=\"article\" \/>\n<meta property=\"og:title\" content=\"Boek Lisa - Queens Vintage\" \/>\n<meta property=\"og:description\" content=\"Vintage boek Lisa, het verhaal van een ree en haar moeder uit 2010\" \/>\n<meta property=\"og:url\" content=\"https:\/\/www.queensvintage.nl\/en\/product\/boek-lisa-ree-en-haar-moeder\/\" \/>\n<meta property=\"og:site_name\" content=\"Queens Vintage\" \/>\n<meta property=\"article:modified_time\" content=\"2026-03-30T08:28:11+00:00\" \/>\n<meta property=\"og:image\" content=\"https:\/\/www.queensvintage.nl\/wp-content\/uploads\/2025\/09\/Boek-Lisa-Het-verhaal-van-een-ree-en-haar-moeder-jaar-2010-1.png\" \/>\n\t<meta property=\"og:image:width\" content=\"1024\" \/>\n\t<meta property=\"og:image:height\" content=\"1024\" \/>\n\t<meta property=\"og:image:type\" content=\"image\/png\" \/>\n<meta name=\"twitter:card\" content=\"summary_large_image\" \/>\n<meta name=\"twitter:label1\" content=\"Est. reading time\" \/>\n\t<meta name=\"twitter:data1\" content=\"1 minute\" \/>\n<script type=\"application\/ld+json\" class=\"yoast-schema-graph\">{\"@context\":\"https:\\\/\\\/schema.org\",\"@graph\":[{\"@type\":\"WebPage\",\"@id\":\"https:\\\/\\\/www.queensvintage.nl\\\/product\\\/boek-lisa-ree-en-haar-moeder\\\/\",\"url\":\"https:\\\/\\\/www.queensvintage.nl\\\/product\\\/boek-lisa-ree-en-haar-moeder\\\/\",\"name\":\"Boek Lisa - Queens Vintage\",\"isPartOf\":{\"@id\":\"https:\\\/\\\/www.queensvintage.nl\\\/#website\"},\"primaryImageOfPage\":{\"@id\":\"https:\\\/\\\/www.queensvintage.nl\\\/product\\\/boek-lisa-ree-en-haar-moeder\\\/#primaryimage\"},\"image\":{\"@id\":\"https:\\\/\\\/www.queensvintage.nl\\\/product\\\/boek-lisa-ree-en-haar-moeder\\\/#primaryimage\"},\"thumbnailUrl\":\"https:\\\/\\\/www.queensvintage.nl\\\/wp-content\\\/uploads\\\/2025\\\/09\\\/Boek-Lisa-Het-verhaal-van-een-ree-en-haar-moeder-jaar-2010-1.png\",\"datePublished\":\"2025-09-12T13:05:34+00:00\",\"dateModified\":\"2026-03-30T08:28:11+00:00\",\"breadcrumb\":{\"@id\":\"https:\\\/\\\/www.queensvintage.nl\\\/product\\\/boek-lisa-ree-en-haar-moeder\\\/#breadcrumb\"},\"inLanguage\":\"en-US\",\"potentialAction\":[{\"@type\":\"ReadAction\",\"target\":[\"https:\\\/\\\/www.queensvintage.nl\\\/product\\\/boek-lisa-ree-en-haar-moeder\\\/\"]}]},{\"@type\":\"ImageObject\",\"inLanguage\":\"en-US\",\"@id\":\"https:\\\/\\\/www.queensvintage.nl\\\/product\\\/boek-lisa-ree-en-haar-moeder\\\/#primaryimage\",\"url\":\"https:\\\/\\\/www.queensvintage.nl\\\/wp-content\\\/uploads\\\/2025\\\/09\\\/Boek-Lisa-Het-verhaal-van-een-ree-en-haar-moeder-jaar-2010-1.png\",\"contentUrl\":\"https:\\\/\\\/www.queensvintage.nl\\\/wp-content\\\/uploads\\\/2025\\\/09\\\/Boek-Lisa-Het-verhaal-van-een-ree-en-haar-moeder-jaar-2010-1.png\",\"width\":1024,\"height\":1024,\"caption\":\"Vintage boek Lisa, het verhaal van een ree en haar moeder uit 2010\"},{\"@type\":\"BreadcrumbList\",\"@id\":\"https:\\\/\\\/www.queensvintage.nl\\\/product\\\/boek-lisa-ree-en-haar-moeder\\\/#breadcrumb\",\"itemListElement\":[{\"@type\":\"ListItem\",\"position\":1,\"name\":\"Home\",\"item\":\"https:\\\/\\\/www.queensvintage.nl\\\/\"},{\"@type\":\"ListItem\",\"position\":2,\"name\":\"Winkel\",\"item\":\"https:\\\/\\\/www.queensvintage.nl\\\/winkel\\\/\"},{\"@type\":\"ListItem\",\"position\":3,\"name\":\"Boek Lisa\"}]},{\"@type\":\"WebSite\",\"@id\":\"https:\\\/\\\/www.queensvintage.nl\\\/#website\",\"url\":\"https:\\\/\\\/www.queensvintage.nl\\\/\",\"name\":\"Queens Vintage\",\"description\":\"\",\"publisher\":{\"@id\":\"https:\\\/\\\/www.queensvintage.nl\\\/#organization\"},\"potentialAction\":[{\"@type\":\"SearchAction\",\"target\":{\"@type\":\"EntryPoint\",\"urlTemplate\":\"https:\\\/\\\/www.queensvintage.nl\\\/?s={search_term_string}\"},\"query-input\":{\"@type\":\"PropertyValueSpecification\",\"valueRequired\":true,\"valueName\":\"search_term_string\"}}],\"inLanguage\":\"en-US\"},{\"@type\":\"Organization\",\"@id\":\"https:\\\/\\\/www.queensvintage.nl\\\/#organization\",\"name\":\"Queens Vintage\",\"url\":\"https:\\\/\\\/www.queensvintage.nl\\\/\",\"logo\":{\"@type\":\"ImageObject\",\"inLanguage\":\"en-US\",\"@id\":\"https:\\\/\\\/www.queensvintage.nl\\\/#\\\/schema\\\/logo\\\/image\\\/\",\"url\":\"https:\\\/\\\/www.queensvintage.nl\\\/wp-content\\\/uploads\\\/2020\\\/01\\\/cropped-queens_vintage_logo_website_final-1.png\",\"contentUrl\":\"https:\\\/\\\/www.queensvintage.nl\\\/wp-content\\\/uploads\\\/2020\\\/01\\\/cropped-queens_vintage_logo_website_final-1.png\",\"width\":373,\"height\":110,\"caption\":\"Queens Vintage\"},\"image\":{\"@id\":\"https:\\\/\\\/www.queensvintage.nl\\\/#\\\/schema\\\/logo\\\/image\\\/\"}}]}<\/script>\n<!-- \/ Yoast SEO plugin. -->","yoast_head_json":{"title":"Boek Lisa - Queens Vintage","robots":{"index":"index","follow":"follow","max-snippet":"max-snippet:-1","max-image-preview":"max-image-preview:large","max-video-preview":"max-video-preview:-1"},"canonical":"https:\/\/www.queensvintage.nl\/en\/product\/boek-lisa-ree-en-haar-moeder\/","og_locale":"en_US","og_type":"article","og_title":"Boek Lisa - Queens Vintage","og_description":"Vintage boek Lisa, het verhaal van een ree en haar moeder uit 2010","og_url":"https:\/\/www.queensvintage.nl\/en\/product\/boek-lisa-ree-en-haar-moeder\/","og_site_name":"Queens Vintage","article_modified_time":"2026-03-30T08:28:11+00:00","og_image":[{"width":1024,"height":1024,"url":"https:\/\/www.queensvintage.nl\/wp-content\/uploads\/2025\/09\/Boek-Lisa-Het-verhaal-van-een-ree-en-haar-moeder-jaar-2010-1.png","type":"image\/png"}],"twitter_card":"summary_large_image","twitter_misc":{"Est. reading time":"1 minute"},"schema":{"@context":"https:\/\/schema.org","@graph":[{"@type":"WebPage","@id":"https:\/\/www.queensvintage.nl\/product\/boek-lisa-ree-en-haar-moeder\/","url":"https:\/\/www.queensvintage.nl\/product\/boek-lisa-ree-en-haar-moeder\/","name":"Boek Lisa - Queens Vintage","isPartOf":{"@id":"https:\/\/www.queensvintage.nl\/#website"},"primaryImageOfPage":{"@id":"https:\/\/www.queensvintage.nl\/product\/boek-lisa-ree-en-haar-moeder\/#primaryimage"},"image":{"@id":"https:\/\/www.queensvintage.nl\/product\/boek-lisa-ree-en-haar-moeder\/#primaryimage"},"thumbnailUrl":"https:\/\/www.queensvintage.nl\/wp-content\/uploads\/2025\/09\/Boek-Lisa-Het-verhaal-van-een-ree-en-haar-moeder-jaar-2010-1.png","datePublished":"2025-09-12T13:05:34+00:00","dateModified":"2026-03-30T08:28:11+00:00","breadcrumb":{"@id":"https:\/\/www.queensvintage.nl\/product\/boek-lisa-ree-en-haar-moeder\/#breadcrumb"},"inLanguage":"en-US","potentialAction":[{"@type":"ReadAction","target":["https:\/\/www.queensvintage.nl\/product\/boek-lisa-ree-en-haar-moeder\/"]}]},{"@type":"ImageObject","inLanguage":"en-US","@id":"https:\/\/www.queensvintage.nl\/product\/boek-lisa-ree-en-haar-moeder\/#primaryimage","url":"https:\/\/www.queensvintage.nl\/wp-content\/uploads\/2025\/09\/Boek-Lisa-Het-verhaal-van-een-ree-en-haar-moeder-jaar-2010-1.png","contentUrl":"https:\/\/www.queensvintage.nl\/wp-content\/uploads\/2025\/09\/Boek-Lisa-Het-verhaal-van-een-ree-en-haar-moeder-jaar-2010-1.png","width":1024,"height":1024,"caption":"Vintage boek Lisa, het verhaal van een ree en haar moeder uit 2010"},{"@type":"BreadcrumbList","@id":"https:\/\/www.queensvintage.nl\/product\/boek-lisa-ree-en-haar-moeder\/#breadcrumb","itemListElement":[{"@type":"ListItem","position":1,"name":"Home","item":"https:\/\/www.queensvintage.nl\/"},{"@type":"ListItem","position":2,"name":"Winkel","item":"https:\/\/www.queensvintage.nl\/winkel\/"},{"@type":"ListItem","position":3,"name":"Boek Lisa"}]},{"@type":"WebSite","@id":"https:\/\/www.queensvintage.nl\/#website","url":"https:\/\/www.queensvintage.nl\/","name":"Queens Vintage","description":"","publisher":{"@id":"https:\/\/www.queensvintage.nl\/#organization"},"potentialAction":[{"@type":"SearchAction","target":{"@type":"EntryPoint","urlTemplate":"https:\/\/www.queensvintage.nl\/?s={search_term_string}"},"query-input":{"@type":"PropertyValueSpecification","valueRequired":true,"valueName":"search_term_string"}}],"inLanguage":"en-US"},{"@type":"Organization","@id":"https:\/\/www.queensvintage.nl\/#organization","name":"Queens Vintage","url":"https:\/\/www.queensvintage.nl\/","logo":{"@type":"ImageObject","inLanguage":"en-US","@id":"https:\/\/www.queensvintage.nl\/#\/schema\/logo\/image\/","url":"https:\/\/www.queensvintage.nl\/wp-content\/uploads\/2020\/01\/cropped-queens_vintage_logo_website_final-1.png","contentUrl":"https:\/\/www.queensvintage.nl\/wp-content\/uploads\/2020\/01\/cropped-queens_vintage_logo_website_final-1.png","width":373,"height":110,"caption":"Queens Vintage"},"image":{"@id":"https:\/\/www.queensvintage.nl\/#\/schema\/logo\/image\/"}}]}},"_links":{"self":[{"href":"https:\/\/www.queensvintage.nl\/en\/wp-json\/wp\/v2\/product\/17663","targetHints":{"allow":["GET"]}}],"collection":[{"href":"https:\/\/www.queensvintage.nl\/en\/wp-json\/wp\/v2\/product"}],"about":[{"href":"https:\/\/www.queensvintage.nl\/en\/wp-json\/wp\/v2\/types\/product"}],"wp:featuredmedia":[{"embeddable":true,"href":"https:\/\/www.queensvintage.nl\/en\/wp-json\/wp\/v2\/media\/19059"}],"wp:attachment":[{"href":"https:\/\/www.queensvintage.nl\/en\/wp-json\/wp\/v2\/media?parent=17663"}],"wp:term":[{"taxonomy":"product_brand","embeddable":true,"href":"https:\/\/www.queensvintage.nl\/en\/wp-json\/wp\/v2\/product_brand?post=17663"},{"taxonomy":"product_cat","embeddable":true,"href":"https:\/\/www.queensvintage.nl\/en\/wp-json\/wp\/v2\/product_cat?post=17663"},{"taxonomy":"product_tag","embeddable":true,"href":"https:\/\/www.queensvintage.nl\/en\/wp-json\/wp\/v2\/product_tag?post=17663"}],"curies":[{"name":"wp","href":"https:\/\/api.w.org\/{rel}","templated":true}]}}