{"id":17128,"date":"2025-07-03T12:25:24","date_gmt":"2025-07-03T11:25:24","guid":{"rendered":"https:\/\/www.queensvintage.nl\/?post_type=product&#038;p=17128"},"modified":"2026-03-30T09:49:41","modified_gmt":"2026-03-30T08:49:41","slug":"boek-de-dertig-mooiste-verhalen-the-tjong-khing","status":"publish","type":"product","link":"https:\/\/www.queensvintage.nl\/en\/product\/boek-de-dertig-mooiste-verhalen-the-tjong-khing\/","title":{"rendered":"Boek De Dertig Mooiste Verhalen&#8230;."},"content":{"rendered":"<p>Boek de dertig mooiste verhalen van De Sprookjesverteller Th\u00e9 Tjong-Khing.<br \/>\nGe\u00efllustreerd \u00e9n verteld door Th\u00e9 Tjong-Khing, winnaar van onder meer de Max Velthuijsprijs, drie Gouden Penselen en de Woutertje Pieterseprijs.<br \/>\nIn deze prachtige verzamelbundel staan niet alleen de 22 sprookjes uit &#8216;De sprookjesverteller&#8217; en &#8216;Meer verhalen van de sprookjesverteller&#8217;, maar ook nog 8 splinternieuwe sprookjes!<br \/>\nHardcover, &#8211; 295 pagina&#8217;s, &#8211; 1300 gram.<br \/>\nLeuk om cadeau te geven, boek is als nieuw!<\/p>","protected":false},"excerpt":{"rendered":"<p>Boek de dertig mooiste verhalen van De Sprookjesverteller Th\u00e9 Tjong-Khing<\/p>","protected":false},"featured_media":19060,"template":"","meta":[],"product_brand":[],"product_cat":[208,520],"product_tag":[3473,2785,3474,700,1396],"class_list":{"0":"post-17128","1":"product","2":"type-product","3":"status-publish","4":"has-post-thumbnail","6":"product_cat-boeken-vintage-kinderboeken-lezen-is-leuk-nostalgie-decoratief","7":"product_cat-vintage-kinderboeken","8":"product_tag-mooiste-verhalen","9":"product_tag-sprookjesboek","10":"product_tag-the-tjong-khing","11":"product_tag-verzamelbundel","12":"product_tag-voorleesboek","14":"first","15":"instock","16":"shipping-taxable","17":"purchasable","18":"product-type-simple"},"yoast_head":"<!-- This site is optimized with the Yoast SEO plugin v27.4 - https:\/\/yoast.com\/product\/yoast-seo-wordpress\/ -->\n<title>Boek De Dertig Mooiste Verhalen.... - Queens Vintage<\/title>\n<meta name=\"robots\" content=\"index, follow, max-snippet:-1, max-image-preview:large, max-video-preview:-1\" \/>\n<link rel=\"canonical\" href=\"https:\/\/www.queensvintage.nl\/en\/product\/boek-de-dertig-mooiste-verhalen-the-tjong-khing\/\" \/>\n<meta property=\"og:locale\" content=\"en_US\" \/>\n<meta property=\"og:type\" content=\"article\" \/>\n<meta property=\"og:title\" content=\"Boek De Dertig Mooiste Verhalen.... - Queens Vintage\" \/>\n<meta property=\"og:description\" content=\"Boek de dertig mooiste verhalen van De Sprookjesverteller Th\u00e9 Tjong-Khing\" \/>\n<meta property=\"og:url\" content=\"https:\/\/www.queensvintage.nl\/en\/product\/boek-de-dertig-mooiste-verhalen-the-tjong-khing\/\" \/>\n<meta property=\"og:site_name\" content=\"Queens Vintage\" \/>\n<meta property=\"article:modified_time\" content=\"2026-03-30T08:49:41+00:00\" \/>\n<meta property=\"og:image\" content=\"https:\/\/www.queensvintage.nl\/wp-content\/uploads\/2025\/07\/De-dertig-mooiste-verhalen-van-De-sprookjesverteller-The-Tjong-Khing-295-paginas-.png\" \/>\n\t<meta property=\"og:image:width\" content=\"1024\" \/>\n\t<meta property=\"og:image:height\" content=\"1024\" \/>\n\t<meta property=\"og:image:type\" content=\"image\/png\" \/>\n<meta name=\"twitter:card\" content=\"summary_large_image\" \/>\n<meta name=\"twitter:label1\" content=\"Est. reading time\" \/>\n\t<meta name=\"twitter:data1\" content=\"1 minute\" \/>\n<script type=\"application\/ld+json\" class=\"yoast-schema-graph\">{\"@context\":\"https:\\\/\\\/schema.org\",\"@graph\":[{\"@type\":\"WebPage\",\"@id\":\"https:\\\/\\\/www.queensvintage.nl\\\/product\\\/boek-de-dertig-mooiste-verhalen-the-tjong-khing\\\/\",\"url\":\"https:\\\/\\\/www.queensvintage.nl\\\/product\\\/boek-de-dertig-mooiste-verhalen-the-tjong-khing\\\/\",\"name\":\"Boek De Dertig Mooiste Verhalen.... - Queens Vintage\",\"isPartOf\":{\"@id\":\"https:\\\/\\\/www.queensvintage.nl\\\/#website\"},\"primaryImageOfPage\":{\"@id\":\"https:\\\/\\\/www.queensvintage.nl\\\/product\\\/boek-de-dertig-mooiste-verhalen-the-tjong-khing\\\/#primaryimage\"},\"image\":{\"@id\":\"https:\\\/\\\/www.queensvintage.nl\\\/product\\\/boek-de-dertig-mooiste-verhalen-the-tjong-khing\\\/#primaryimage\"},\"thumbnailUrl\":\"https:\\\/\\\/www.queensvintage.nl\\\/wp-content\\\/uploads\\\/2025\\\/07\\\/De-dertig-mooiste-verhalen-van-De-sprookjesverteller-The-Tjong-Khing-295-paginas-.png\",\"datePublished\":\"2025-07-03T11:25:24+00:00\",\"dateModified\":\"2026-03-30T08:49:41+00:00\",\"breadcrumb\":{\"@id\":\"https:\\\/\\\/www.queensvintage.nl\\\/product\\\/boek-de-dertig-mooiste-verhalen-the-tjong-khing\\\/#breadcrumb\"},\"inLanguage\":\"en-US\",\"potentialAction\":[{\"@type\":\"ReadAction\",\"target\":[\"https:\\\/\\\/www.queensvintage.nl\\\/product\\\/boek-de-dertig-mooiste-verhalen-the-tjong-khing\\\/\"]}]},{\"@type\":\"ImageObject\",\"inLanguage\":\"en-US\",\"@id\":\"https:\\\/\\\/www.queensvintage.nl\\\/product\\\/boek-de-dertig-mooiste-verhalen-the-tjong-khing\\\/#primaryimage\",\"url\":\"https:\\\/\\\/www.queensvintage.nl\\\/wp-content\\\/uploads\\\/2025\\\/07\\\/De-dertig-mooiste-verhalen-van-De-sprookjesverteller-The-Tjong-Khing-295-paginas-.png\",\"contentUrl\":\"https:\\\/\\\/www.queensvintage.nl\\\/wp-content\\\/uploads\\\/2025\\\/07\\\/De-dertig-mooiste-verhalen-van-De-sprookjesverteller-The-Tjong-Khing-295-paginas-.png\",\"width\":1024,\"height\":1024,\"caption\":\"Boek de dertig mooiste verhalen van De Sprookjesverteller Th\u00e9 Tjong-Khing\"},{\"@type\":\"BreadcrumbList\",\"@id\":\"https:\\\/\\\/www.queensvintage.nl\\\/product\\\/boek-de-dertig-mooiste-verhalen-the-tjong-khing\\\/#breadcrumb\",\"itemListElement\":[{\"@type\":\"ListItem\",\"position\":1,\"name\":\"Home\",\"item\":\"https:\\\/\\\/www.queensvintage.nl\\\/\"},{\"@type\":\"ListItem\",\"position\":2,\"name\":\"Winkel\",\"item\":\"https:\\\/\\\/www.queensvintage.nl\\\/winkel\\\/\"},{\"@type\":\"ListItem\",\"position\":3,\"name\":\"Boek De Dertig Mooiste Verhalen&#8230;.\"}]},{\"@type\":\"WebSite\",\"@id\":\"https:\\\/\\\/www.queensvintage.nl\\\/#website\",\"url\":\"https:\\\/\\\/www.queensvintage.nl\\\/\",\"name\":\"Queens Vintage\",\"description\":\"\",\"publisher\":{\"@id\":\"https:\\\/\\\/www.queensvintage.nl\\\/#organization\"},\"potentialAction\":[{\"@type\":\"SearchAction\",\"target\":{\"@type\":\"EntryPoint\",\"urlTemplate\":\"https:\\\/\\\/www.queensvintage.nl\\\/?s={search_term_string}\"},\"query-input\":{\"@type\":\"PropertyValueSpecification\",\"valueRequired\":true,\"valueName\":\"search_term_string\"}}],\"inLanguage\":\"en-US\"},{\"@type\":\"Organization\",\"@id\":\"https:\\\/\\\/www.queensvintage.nl\\\/#organization\",\"name\":\"Queens Vintage\",\"url\":\"https:\\\/\\\/www.queensvintage.nl\\\/\",\"logo\":{\"@type\":\"ImageObject\",\"inLanguage\":\"en-US\",\"@id\":\"https:\\\/\\\/www.queensvintage.nl\\\/#\\\/schema\\\/logo\\\/image\\\/\",\"url\":\"https:\\\/\\\/www.queensvintage.nl\\\/wp-content\\\/uploads\\\/2020\\\/01\\\/cropped-queens_vintage_logo_website_final-1.png\",\"contentUrl\":\"https:\\\/\\\/www.queensvintage.nl\\\/wp-content\\\/uploads\\\/2020\\\/01\\\/cropped-queens_vintage_logo_website_final-1.png\",\"width\":373,\"height\":110,\"caption\":\"Queens Vintage\"},\"image\":{\"@id\":\"https:\\\/\\\/www.queensvintage.nl\\\/#\\\/schema\\\/logo\\\/image\\\/\"}}]}<\/script>\n<!-- \/ Yoast SEO plugin. -->","yoast_head_json":{"title":"Boek De Dertig Mooiste Verhalen.... - Queens Vintage","robots":{"index":"index","follow":"follow","max-snippet":"max-snippet:-1","max-image-preview":"max-image-preview:large","max-video-preview":"max-video-preview:-1"},"canonical":"https:\/\/www.queensvintage.nl\/en\/product\/boek-de-dertig-mooiste-verhalen-the-tjong-khing\/","og_locale":"en_US","og_type":"article","og_title":"Boek De Dertig Mooiste Verhalen.... - Queens Vintage","og_description":"Boek de dertig mooiste verhalen van De Sprookjesverteller Th\u00e9 Tjong-Khing","og_url":"https:\/\/www.queensvintage.nl\/en\/product\/boek-de-dertig-mooiste-verhalen-the-tjong-khing\/","og_site_name":"Queens Vintage","article_modified_time":"2026-03-30T08:49:41+00:00","og_image":[{"width":1024,"height":1024,"url":"https:\/\/www.queensvintage.nl\/wp-content\/uploads\/2025\/07\/De-dertig-mooiste-verhalen-van-De-sprookjesverteller-The-Tjong-Khing-295-paginas-.png","type":"image\/png"}],"twitter_card":"summary_large_image","twitter_misc":{"Est. reading time":"1 minute"},"schema":{"@context":"https:\/\/schema.org","@graph":[{"@type":"WebPage","@id":"https:\/\/www.queensvintage.nl\/product\/boek-de-dertig-mooiste-verhalen-the-tjong-khing\/","url":"https:\/\/www.queensvintage.nl\/product\/boek-de-dertig-mooiste-verhalen-the-tjong-khing\/","name":"Boek De Dertig Mooiste Verhalen.... - Queens Vintage","isPartOf":{"@id":"https:\/\/www.queensvintage.nl\/#website"},"primaryImageOfPage":{"@id":"https:\/\/www.queensvintage.nl\/product\/boek-de-dertig-mooiste-verhalen-the-tjong-khing\/#primaryimage"},"image":{"@id":"https:\/\/www.queensvintage.nl\/product\/boek-de-dertig-mooiste-verhalen-the-tjong-khing\/#primaryimage"},"thumbnailUrl":"https:\/\/www.queensvintage.nl\/wp-content\/uploads\/2025\/07\/De-dertig-mooiste-verhalen-van-De-sprookjesverteller-The-Tjong-Khing-295-paginas-.png","datePublished":"2025-07-03T11:25:24+00:00","dateModified":"2026-03-30T08:49:41+00:00","breadcrumb":{"@id":"https:\/\/www.queensvintage.nl\/product\/boek-de-dertig-mooiste-verhalen-the-tjong-khing\/#breadcrumb"},"inLanguage":"en-US","potentialAction":[{"@type":"ReadAction","target":["https:\/\/www.queensvintage.nl\/product\/boek-de-dertig-mooiste-verhalen-the-tjong-khing\/"]}]},{"@type":"ImageObject","inLanguage":"en-US","@id":"https:\/\/www.queensvintage.nl\/product\/boek-de-dertig-mooiste-verhalen-the-tjong-khing\/#primaryimage","url":"https:\/\/www.queensvintage.nl\/wp-content\/uploads\/2025\/07\/De-dertig-mooiste-verhalen-van-De-sprookjesverteller-The-Tjong-Khing-295-paginas-.png","contentUrl":"https:\/\/www.queensvintage.nl\/wp-content\/uploads\/2025\/07\/De-dertig-mooiste-verhalen-van-De-sprookjesverteller-The-Tjong-Khing-295-paginas-.png","width":1024,"height":1024,"caption":"Boek de dertig mooiste verhalen van De Sprookjesverteller Th\u00e9 Tjong-Khing"},{"@type":"BreadcrumbList","@id":"https:\/\/www.queensvintage.nl\/product\/boek-de-dertig-mooiste-verhalen-the-tjong-khing\/#breadcrumb","itemListElement":[{"@type":"ListItem","position":1,"name":"Home","item":"https:\/\/www.queensvintage.nl\/"},{"@type":"ListItem","position":2,"name":"Winkel","item":"https:\/\/www.queensvintage.nl\/winkel\/"},{"@type":"ListItem","position":3,"name":"Boek De Dertig Mooiste Verhalen&#8230;."}]},{"@type":"WebSite","@id":"https:\/\/www.queensvintage.nl\/#website","url":"https:\/\/www.queensvintage.nl\/","name":"Queens Vintage","description":"","publisher":{"@id":"https:\/\/www.queensvintage.nl\/#organization"},"potentialAction":[{"@type":"SearchAction","target":{"@type":"EntryPoint","urlTemplate":"https:\/\/www.queensvintage.nl\/?s={search_term_string}"},"query-input":{"@type":"PropertyValueSpecification","valueRequired":true,"valueName":"search_term_string"}}],"inLanguage":"en-US"},{"@type":"Organization","@id":"https:\/\/www.queensvintage.nl\/#organization","name":"Queens Vintage","url":"https:\/\/www.queensvintage.nl\/","logo":{"@type":"ImageObject","inLanguage":"en-US","@id":"https:\/\/www.queensvintage.nl\/#\/schema\/logo\/image\/","url":"https:\/\/www.queensvintage.nl\/wp-content\/uploads\/2020\/01\/cropped-queens_vintage_logo_website_final-1.png","contentUrl":"https:\/\/www.queensvintage.nl\/wp-content\/uploads\/2020\/01\/cropped-queens_vintage_logo_website_final-1.png","width":373,"height":110,"caption":"Queens Vintage"},"image":{"@id":"https:\/\/www.queensvintage.nl\/#\/schema\/logo\/image\/"}}]}},"_links":{"self":[{"href":"https:\/\/www.queensvintage.nl\/en\/wp-json\/wp\/v2\/product\/17128","targetHints":{"allow":["GET"]}}],"collection":[{"href":"https:\/\/www.queensvintage.nl\/en\/wp-json\/wp\/v2\/product"}],"about":[{"href":"https:\/\/www.queensvintage.nl\/en\/wp-json\/wp\/v2\/types\/product"}],"wp:featuredmedia":[{"embeddable":true,"href":"https:\/\/www.queensvintage.nl\/en\/wp-json\/wp\/v2\/media\/19060"}],"wp:attachment":[{"href":"https:\/\/www.queensvintage.nl\/en\/wp-json\/wp\/v2\/media?parent=17128"}],"wp:term":[{"taxonomy":"product_brand","embeddable":true,"href":"https:\/\/www.queensvintage.nl\/en\/wp-json\/wp\/v2\/product_brand?post=17128"},{"taxonomy":"product_cat","embeddable":true,"href":"https:\/\/www.queensvintage.nl\/en\/wp-json\/wp\/v2\/product_cat?post=17128"},{"taxonomy":"product_tag","embeddable":true,"href":"https:\/\/www.queensvintage.nl\/en\/wp-json\/wp\/v2\/product_tag?post=17128"}],"curies":[{"name":"wp","href":"https:\/\/api.w.org\/{rel}","templated":true}]}}